{"id":7428,"date":"2025-10-30T13:45:27","date_gmt":"2025-10-30T13:45:27","guid":{"rendered":"https:\/\/bookstore.shblsh.com\/?post_type=product&#038;p=7428"},"modified":"2026-02-04T11:53:04","modified_gmt":"2026-02-04T11:53:04","slug":"prof-dr-eduard-kakarriqi-shendeti-dhe-semundja-veshtrim-gjitheperfshires-filozofik-dhe-epidemiologjik-1","status":"publish","type":"product","link":"https:\/\/shblsh.com\/sq\/produkt\/prof-dr-eduard-kakarriqi-shendeti-dhe-semundja-veshtrim-gjitheperfshires-filozofik-dhe-epidemiologjik-1\/","title":{"rendered":"Prof. Dr. Eduard KAKARRIQI \/ SH\u00cbNDETI dhe S\u00cbMUNDJA: V\u00ebshtrim Gjith\u00ebp\u00ebrfshir\u00ebs Filozofik dhe Epidemiologjik 1"},"content":{"rendered":"","protected":false},"excerpt":{"rendered":"<p><a href=\"https:\/\/bookstore.shblsh.com\/wp-content\/uploads\/2025\/10\/Permbajtja-dhe-Audienca-e-Librit-l-CV-e-Autorit-I.pdf\"><strong>SHKARKO &#8220;P\u00ebrmbajta dhe Audienca e Librit&#8221;<\/strong><\/a><\/p>\n<p><a href=\"https:\/\/shblsh.com\/wp-content\/uploads\/2025\/12\/Recensa-Vleresime-EK-2025.pdf\"><strong>SHKARKO &#8220;Re\u00e7ensa dhe Vler\u00ebsime&#8221;<\/strong><\/a><\/p>\n<p>&nbsp;<\/p>","protected":false},"featured_media":7461,"comment_status":"open","ping_status":"closed","template":"","meta":{"_acf_changed":false},"product_brand":[],"product_cat":[206],"product_tag":[],"class_list":{"0":"post-7428","1":"product","2":"type-product","3":"status-publish","4":"has-post-thumbnail","6":"product_cat-universitare","8":"first","9":"instock","10":"shipping-taxable","11":"purchasable","12":"product-type-simple"},"acf":[],"_links":{"self":[{"href":"https:\/\/shblsh.com\/sq\/wp-json\/wp\/v2\/product\/7428","targetHints":{"allow":["GET"]}}],"collection":[{"href":"https:\/\/shblsh.com\/sq\/wp-json\/wp\/v2\/product"}],"about":[{"href":"https:\/\/shblsh.com\/sq\/wp-json\/wp\/v2\/types\/product"}],"replies":[{"embeddable":true,"href":"https:\/\/shblsh.com\/sq\/wp-json\/wp\/v2\/comments?post=7428"}],"wp:featuredmedia":[{"embeddable":true,"href":"https:\/\/shblsh.com\/sq\/wp-json\/wp\/v2\/media\/7461"}],"wp:attachment":[{"href":"https:\/\/shblsh.com\/sq\/wp-json\/wp\/v2\/media?parent=7428"}],"wp:term":[{"taxonomy":"product_brand","embeddable":true,"href":"https:\/\/shblsh.com\/sq\/wp-json\/wp\/v2\/product_brand?post=7428"},{"taxonomy":"product_cat","embeddable":true,"href":"https:\/\/shblsh.com\/sq\/wp-json\/wp\/v2\/product_cat?post=7428"},{"taxonomy":"product_tag","embeddable":true,"href":"https:\/\/shblsh.com\/sq\/wp-json\/wp\/v2\/product_tag?post=7428"}],"curies":[{"name":"wp","href":"https:\/\/api.w.org\/{rel}","templated":true}]}}