{"id":7427,"date":"2025-10-30T13:45:27","date_gmt":"2025-10-30T13:45:27","guid":{"rendered":"https:\/\/bookstore.shblsh.com\/?post_type=product&#038;p=7427"},"modified":"2025-10-30T13:46:45","modified_gmt":"2025-10-30T13:46:45","slug":"dr-maksim-shimani-dolores-cipo-fizika-e-pergjithshme-problema-te-zgjidhura-pjesa-1","status":"publish","type":"product","link":"https:\/\/shblsh.com\/sq\/produkt\/dr-maksim-shimani-dolores-cipo-fizika-e-pergjithshme-problema-te-zgjidhura-pjesa-1\/","title":{"rendered":"Dr. Maksim SHIMANI, Dolores CIPO: Fizika e p\u00ebrgjithshme\/ Problema t\u00eb Zgjidhura\/ PJESA 1"},"content":{"rendered":"<p><strong>Maksim SHIMANI dhe Dolores CIPO<\/strong><\/p>","protected":false},"excerpt":{"rendered":"<p><strong>Maksim SHIMANI dhe Dolores CIPO<\/strong><\/p>\n<p>P\u00ebrmban:<\/p>\n<p>1.Kinematika 2. Dinamika 3. Puna dhe energjia 4. Sistemi i pikave materiale dhe ruajtja e impulsit 5. L\u00ebvizja rrotulluese e trupit t\u00eb ngurt\u00eb<\/p>\n<p>Libri \u00ebsht\u00eb shkruar p\u00ebr t&#8217;u ardhur n\u00eb ndihm\u00eb student\u00ebve t\u00eb universiteteve publike dhe private, q\u00eb n\u00eb programet e tyre zhvillojn\u00eb k\u00ebt\u00eb l\u00ebnd\u00eb. Libri \u00ebsht\u00eb i dobish\u00ebm edhe p\u00ebr m\u00ebsuesit e fizik\u00ebs s\u00eb gjimnazeve dhe shkollave t\u00eb mesme profesionale, p\u00ebr p\u00ebrmir\u00ebsimin e m\u00ebsimdh\u00ebnies s\u00eb l\u00ebnd\u00ebs s\u00eb fizik\u00ebs dhe kualifikimin shkencor t\u00eb tyre.<\/p>","protected":false},"featured_media":7460,"comment_status":"open","ping_status":"closed","template":"","meta":{"_acf_changed":false},"product_brand":[],"product_cat":[206],"product_tag":[],"class_list":{"0":"post-7427","1":"product","2":"type-product","3":"status-publish","4":"has-post-thumbnail","6":"product_cat-universitare","8":"first","9":"instock","10":"shipping-taxable","11":"purchasable","12":"product-type-simple"},"acf":[],"_links":{"self":[{"href":"https:\/\/shblsh.com\/sq\/wp-json\/wp\/v2\/product\/7427","targetHints":{"allow":["GET"]}}],"collection":[{"href":"https:\/\/shblsh.com\/sq\/wp-json\/wp\/v2\/product"}],"about":[{"href":"https:\/\/shblsh.com\/sq\/wp-json\/wp\/v2\/types\/product"}],"replies":[{"embeddable":true,"href":"https:\/\/shblsh.com\/sq\/wp-json\/wp\/v2\/comments?post=7427"}],"wp:featuredmedia":[{"embeddable":true,"href":"https:\/\/shblsh.com\/sq\/wp-json\/wp\/v2\/media\/7460"}],"wp:attachment":[{"href":"https:\/\/shblsh.com\/sq\/wp-json\/wp\/v2\/media?parent=7427"}],"wp:term":[{"taxonomy":"product_brand","embeddable":true,"href":"https:\/\/shblsh.com\/sq\/wp-json\/wp\/v2\/product_brand?post=7427"},{"taxonomy":"product_cat","embeddable":true,"href":"https:\/\/shblsh.com\/sq\/wp-json\/wp\/v2\/product_cat?post=7427"},{"taxonomy":"product_tag","embeddable":true,"href":"https:\/\/shblsh.com\/sq\/wp-json\/wp\/v2\/product_tag?post=7427"}],"curies":[{"name":"wp","href":"https:\/\/api.w.org\/{rel}","templated":true}]}}