{"id":7424,"date":"2025-10-30T13:45:27","date_gmt":"2025-10-30T13:45:27","guid":{"rendered":"https:\/\/bookstore.shblsh.com\/?post_type=product&#038;p=7424"},"modified":"2025-10-30T13:46:20","modified_gmt":"2025-10-30T13:46:20","slug":"matura-shteterore-provimi-me-zgjedhje-fizika-pjesa-1","status":"publish","type":"product","link":"https:\/\/shblsh.com\/sq\/produkt\/matura-shteterore-provimi-me-zgjedhje-fizika-pjesa-1\/","title":{"rendered":"Matura Shtet\u00ebrore\/ Provimi me Zgjedhje\/ Fizika, Pjesa 1"},"content":{"rendered":"<p><img fetchpriority=\"high\" decoding=\"async\" class=\"alignnone size-medium wp-image-367\" src=\"https:\/\/shblsh.com\/wp-content\/uploads\/2023\/04\/Matura-Shtete\u0308rore-Fizika-2023-227x300.png\" alt=\"\" width=\"227\" height=\"300\" \/><\/p>","protected":false},"excerpt":{"rendered":"<p>Matura Shtet\u00ebrore\/ Provimi me Zgjedhje\/ Fizika, Pjesa 1. Ushtrime dhe problema t\u00eb zgjedhura p\u00ebr: Provimin me zgjedhje dhe t\u00eb informatizuar.<br \/>\nNga: Maksim SHIMANI dhe Dolores CIPO<\/p>","protected":false},"featured_media":7457,"comment_status":"open","ping_status":"closed","template":"","meta":{"_acf_changed":false},"product_brand":[],"product_cat":[208],"product_tag":[],"class_list":{"0":"post-7424","1":"product","2":"type-product","3":"status-publish","4":"has-post-thumbnail","6":"product_cat-shkollorendihmes","8":"first","9":"instock","10":"shipping-taxable","11":"purchasable","12":"product-type-simple"},"acf":[],"_links":{"self":[{"href":"https:\/\/shblsh.com\/sq\/wp-json\/wp\/v2\/product\/7424","targetHints":{"allow":["GET"]}}],"collection":[{"href":"https:\/\/shblsh.com\/sq\/wp-json\/wp\/v2\/product"}],"about":[{"href":"https:\/\/shblsh.com\/sq\/wp-json\/wp\/v2\/types\/product"}],"replies":[{"embeddable":true,"href":"https:\/\/shblsh.com\/sq\/wp-json\/wp\/v2\/comments?post=7424"}],"wp:featuredmedia":[{"embeddable":true,"href":"https:\/\/shblsh.com\/sq\/wp-json\/wp\/v2\/media\/7457"}],"wp:attachment":[{"href":"https:\/\/shblsh.com\/sq\/wp-json\/wp\/v2\/media?parent=7424"}],"wp:term":[{"taxonomy":"product_brand","embeddable":true,"href":"https:\/\/shblsh.com\/sq\/wp-json\/wp\/v2\/product_brand?post=7424"},{"taxonomy":"product_cat","embeddable":true,"href":"https:\/\/shblsh.com\/sq\/wp-json\/wp\/v2\/product_cat?post=7424"},{"taxonomy":"product_tag","embeddable":true,"href":"https:\/\/shblsh.com\/sq\/wp-json\/wp\/v2\/product_tag?post=7424"}],"curies":[{"name":"wp","href":"https:\/\/api.w.org\/{rel}","templated":true}]}}