{"id":7408,"date":"2025-10-30T13:44:58","date_gmt":"2025-10-30T13:44:58","guid":{"rendered":"https:\/\/bookstore.shblsh.com\/?post_type=product&#038;p=7408"},"modified":"2025-10-30T13:46:00","modified_gmt":"2025-10-30T13:46:00","slug":"liza-ne-boten-e-cudirave-lewis-caroll","status":"publish","type":"product","link":"https:\/\/shblsh.com\/sq\/produkt\/liza-ne-boten-e-cudirave-lewis-caroll\/","title":{"rendered":"Liza n\u00eb Bot\u00ebn e \u00c7udirave, Lewis CAROLL"},"content":{"rendered":"","protected":false},"excerpt":{"rendered":"<p class=\"p1\"><span class=\"s1\">Titulli: Liza n\u00eb Bot\u00ebn e \u00c7udirave, Lewis CAROLL<\/span><\/p>\n<p class=\"p1\"><span class=\"s1\">Viti i botimit: xxx<\/span><\/p>\n<p class=\"p1\"><span class=\"s1\">Faqe: xxx<\/span><\/p>\n<p class=\"p1\"><span class=\"s1\">P\u00ebrmasat: xxx<\/span><\/p>\n<p class=\"p2\"><span class=\"s1\">ISBN:\u00a0<\/span><\/p>\n<p class=\"p2\"><span class=\"s1\">\u00c7mimi: <\/span><\/p>","protected":false},"featured_media":7450,"comment_status":"open","ping_status":"closed","template":"","meta":{"_acf_changed":false},"product_brand":[],"product_cat":[205],"product_tag":[],"class_list":{"0":"post-7408","1":"product","2":"type-product","3":"status-publish","4":"has-post-thumbnail","6":"product_cat-artistike","8":"first","9":"instock","10":"shipping-taxable","11":"product-type-simple"},"acf":[],"_links":{"self":[{"href":"https:\/\/shblsh.com\/sq\/wp-json\/wp\/v2\/product\/7408","targetHints":{"allow":["GET"]}}],"collection":[{"href":"https:\/\/shblsh.com\/sq\/wp-json\/wp\/v2\/product"}],"about":[{"href":"https:\/\/shblsh.com\/sq\/wp-json\/wp\/v2\/types\/product"}],"replies":[{"embeddable":true,"href":"https:\/\/shblsh.com\/sq\/wp-json\/wp\/v2\/comments?post=7408"}],"wp:featuredmedia":[{"embeddable":true,"href":"https:\/\/shblsh.com\/sq\/wp-json\/wp\/v2\/media\/7450"}],"wp:attachment":[{"href":"https:\/\/shblsh.com\/sq\/wp-json\/wp\/v2\/media?parent=7408"}],"wp:term":[{"taxonomy":"product_brand","embeddable":true,"href":"https:\/\/shblsh.com\/sq\/wp-json\/wp\/v2\/product_brand?post=7408"},{"taxonomy":"product_cat","embeddable":true,"href":"https:\/\/shblsh.com\/sq\/wp-json\/wp\/v2\/product_cat?post=7408"},{"taxonomy":"product_tag","embeddable":true,"href":"https:\/\/shblsh.com\/sq\/wp-json\/wp\/v2\/product_tag?post=7408"}],"curies":[{"name":"wp","href":"https:\/\/api.w.org\/{rel}","templated":true}]}}