{"id":7381,"date":"2025-10-30T13:44:14","date_gmt":"2025-10-30T13:44:14","guid":{"rendered":"https:\/\/bookstore.shblsh.com\/?post_type=product&#038;p=7381"},"modified":"2025-10-30T13:45:39","modified_gmt":"2025-10-30T13:45:39","slug":"tre-kengetare-te-jetes-se-tyre-stefan-cvajg","status":"publish","type":"product","link":"https:\/\/shblsh.com\/sq\/produkt\/tre-kengetare-te-jetes-se-tyre-stefan-cvajg\/","title":{"rendered":"Tre k\u00ebng\u00ebtar\u00eb t\u00eb jet\u00ebs s\u00eb tyre, Stefan Cvajg"},"content":{"rendered":"","protected":false},"excerpt":{"rendered":"<p class=\"p1\"><span class=\"s1\">Titulli: Tre k\u00ebng\u00ebtar\u00eb t\u00eb jet\u00ebs s\u00eb tyre, Stefan Cvajg<\/span><\/p>\n<p class=\"p1\"><span class=\"s1\">Viti i botimit: xxx<\/span><\/p>\n<p class=\"p1\"><span class=\"s1\">Faqe: xxx<\/span><\/p>\n<p class=\"p1\"><span class=\"s1\">P\u00ebrmasat: xxx<\/span><\/p>","protected":false},"featured_media":7434,"comment_status":"open","ping_status":"closed","template":"","meta":{"_acf_changed":false},"product_brand":[],"product_cat":[205],"product_tag":[],"class_list":{"0":"post-7381","1":"product","2":"type-product","3":"status-publish","4":"has-post-thumbnail","6":"product_cat-artistike","8":"first","9":"instock","10":"shipping-taxable","11":"product-type-simple"},"acf":[],"_links":{"self":[{"href":"https:\/\/shblsh.com\/sq\/wp-json\/wp\/v2\/product\/7381","targetHints":{"allow":["GET"]}}],"collection":[{"href":"https:\/\/shblsh.com\/sq\/wp-json\/wp\/v2\/product"}],"about":[{"href":"https:\/\/shblsh.com\/sq\/wp-json\/wp\/v2\/types\/product"}],"replies":[{"embeddable":true,"href":"https:\/\/shblsh.com\/sq\/wp-json\/wp\/v2\/comments?post=7381"}],"wp:featuredmedia":[{"embeddable":true,"href":"https:\/\/shblsh.com\/sq\/wp-json\/wp\/v2\/media\/7434"}],"wp:attachment":[{"href":"https:\/\/shblsh.com\/sq\/wp-json\/wp\/v2\/media?parent=7381"}],"wp:term":[{"taxonomy":"product_brand","embeddable":true,"href":"https:\/\/shblsh.com\/sq\/wp-json\/wp\/v2\/product_brand?post=7381"},{"taxonomy":"product_cat","embeddable":true,"href":"https:\/\/shblsh.com\/sq\/wp-json\/wp\/v2\/product_cat?post=7381"},{"taxonomy":"product_tag","embeddable":true,"href":"https:\/\/shblsh.com\/sq\/wp-json\/wp\/v2\/product_tag?post=7381"}],"curies":[{"name":"wp","href":"https:\/\/api.w.org\/{rel}","templated":true}]}}