{"id":7317,"date":"2025-10-30T13:43:25","date_gmt":"2025-10-30T13:43:25","guid":{"rendered":"https:\/\/bookstore.shblsh.com\/?post_type=product&#038;p=7317"},"modified":"2026-04-23T04:42:27","modified_gmt":"2026-04-23T04:42:27","slug":"abetare-kole-xhumari","status":"publish","type":"product","link":"https:\/\/shblsh.com\/sq\/produkt\/abetare-kole-xhumari\/","title":{"rendered":"Abetare, Kol\u00eb XHUMARI"},"content":{"rendered":"<p>Titulli: Abetare, Kol\u00eb Xhumari<\/p>\n<p>\u00c7mimi: 600 Lek\u00eb<\/p>","protected":false},"excerpt":{"rendered":"<p>Titulli: Abetare, Kol\u00eb Xhumari \u00c7mimi: 600 Lek\u00eb<\/p>","protected":false},"featured_media":7347,"comment_status":"open","ping_status":"closed","template":"","meta":{"_acf_changed":false},"product_brand":[],"product_cat":[209],"product_tag":[],"class_list":{"0":"post-7317","1":"product","2":"type-product","3":"status-publish","4":"has-post-thumbnail","6":"product_cat-librashkollore","8":"first","9":"instock","10":"shipping-taxable","11":"purchasable","12":"product-type-simple"},"acf":[],"_links":{"self":[{"href":"https:\/\/shblsh.com\/sq\/wp-json\/wp\/v2\/product\/7317","targetHints":{"allow":["GET"]}}],"collection":[{"href":"https:\/\/shblsh.com\/sq\/wp-json\/wp\/v2\/product"}],"about":[{"href":"https:\/\/shblsh.com\/sq\/wp-json\/wp\/v2\/types\/product"}],"replies":[{"embeddable":true,"href":"https:\/\/shblsh.com\/sq\/wp-json\/wp\/v2\/comments?post=7317"}],"wp:featuredmedia":[{"embeddable":true,"href":"https:\/\/shblsh.com\/sq\/wp-json\/wp\/v2\/media\/7347"}],"wp:attachment":[{"href":"https:\/\/shblsh.com\/sq\/wp-json\/wp\/v2\/media?parent=7317"}],"wp:term":[{"taxonomy":"product_brand","embeddable":true,"href":"https:\/\/shblsh.com\/sq\/wp-json\/wp\/v2\/product_brand?post=7317"},{"taxonomy":"product_cat","embeddable":true,"href":"https:\/\/shblsh.com\/sq\/wp-json\/wp\/v2\/product_cat?post=7317"},{"taxonomy":"product_tag","embeddable":true,"href":"https:\/\/shblsh.com\/sq\/wp-json\/wp\/v2\/product_tag?post=7317"}],"curies":[{"name":"wp","href":"https:\/\/api.w.org\/{rel}","templated":true}]}}